{"id":16580,"date":"2025-12-11T14:44:51","date_gmt":"2025-12-11T14:44:51","guid":{"rendered":"https:\/\/cuidarebr.com.br\/novosite\/?page_id=16580"},"modified":"2026-02-03T14:55:42","modified_gmt":"2026-02-03T14:55:42","slug":"unidades","status":"publish","type":"page","link":"https:\/\/cuidarebr.com.br\/novosite\/unidades\/","title":{"rendered":"Unidades"},"content":{"rendered":"<p>[vc_row][vc_column width=&#8221;1\/4&#8243;][\/vc_column][vc_column width=&#8221;1\/2&#8243;]<h3 class=\"grve-element grve-title grve-align-center grve-h3\" style=\"margin-bottom: 0px;\"><span>Encontre uma unidade Cuidare mais pr\u00f3xima de voc\u00ea.<\/span><\/h3><div class=\"grve-element grve-divider grve-align-center\" style=\"padding-top: 24px;padding-bottom: 24px;\"><span class=\"grve-custom-divider grve-bg-primary-1\" style=\"width: 90px;height: 3px;\"><\/span><\/div>[vc_column_text text_style=&#8221;leader-text&#8221;]Estamos presentes em diversas regi\u00f5es do Brasil, prontos para oferecer cuidado humanizado, seguran\u00e7a e conforto para quem voc\u00ea ama.[\/vc_column_text][\/vc_column][vc_column width=&#8221;1\/4&#8243;][\/vc_column][\/vc_row][vc_row][vc_column][vc_raw_html]JTNDZGl2JTIwY2xhc3MlM0QlMjJzZWxlY3QtZXN0YWRvJTIyJTIwc3R5bGUlM0QlMjJ0ZXh0LWFsaWduJTNBY2VudGVyJTNCJTIwbWFyZ2luJTNBMzBweCUyMDAlM0IlMjIlM0UlMEElMjAlMjAlM0NsYWJlbCUyMGZvciUzRCUyMmVzdGFkbyUyMiUyMHN0eWxlJTNEJTIyZGlzcGxheSUzQWJsb2NrJTNCJTIwZm9udC13ZWlnaHQlM0E2MDAlM0IlMjBtYXJnaW4tYm90dG9tJTNBMTBweCUzQiUyMiUzRSUwQSUyMCUyMCUyMCUyMEVzY29saGElMjBvJTIwc2V1JTIwZXN0YWRvJTNBJTBBJTIwJTIwJTNDJTJGbGFiZWwlM0UlMEElMjAlMjAlMEElMjAlMjAlM0NzZWxlY3QlMjBpZCUzRCUyMmVzdGFkbyUyMiUyMG9uY2hhbmdlJTNEJTIyaWYlMjh0aGlzLnZhbHVlJTI5JTIwd2luZG93LmxvY2F0aW9uLmhyZWYlM0R0aGlzLnZhbHVlJTNCJTIyJTIwc3R5bGUlM0QlMjJwYWRkaW5nJTNBMTBweCUyMDE1cHglM0IlMjBib3JkZXItcmFkaXVzJTNBNnB4JTNCJTIwZm9udC1zaXplJTNBMTZweCUzQiUyMiUzRSUwQSUyMCUyMCUyMCUyMCUzQ29wdGlvbiUyMHZhbHVlJTNEJTIyJTIyJTNFU2VsZWNpb25lLi4uJTNDJTJGb3B0aW9uJTNFJTBBJTIwJTIwJTIwJTIwJTNDb3B0aW9uJTIwdmFsdWUlM0QlMjJodHRwcyUzQSUyRiUyRmN1aWRhcmVici5jb20uYnIlMkZhbGFnb2FzJTJGJTIyJTNFQWxhZ29hcyUzQyUyRm9wdGlvbiUzRSUwQSUyMCUyMCUyMCUyMCUzQ29wdGlvbiUyMHZhbHVlJTNEJTIyaHR0cHMlM0ElMkYlMkZjdWlkYXJlYnIuY29tLmJyJTJGYW1hem9uYXMlMkYlMjIlM0VBbWF6b25hcyUzQyUyRm9wdGlvbiUzRSUwQSUyMCUyMCUyMCUyMCUzQ29wdGlvbiUyMHZhbHVlJTNEJTIyaHR0cHMlM0ElMkYlMkZjdWlkYXJlYnIuY29tLmJyJTJGYmFoaWElMkYlMjIlM0VCYWhpYSUzQyUyRm9wdGlvbiUzRSUwQSUyMCUyMCUyMCUyMCUzQ29wdGlvbiUyMHZhbHVlJTNEJTIyaHR0cHMlM0ElMkYlMkZjdWlkYXJlYnIuY29tLmJyJTJGY2VhcmElMkYlMjIlM0VDZWFyJUMzJUExJTNDJTJGb3B0aW9uJTNFJTBBJTIwJTIwJTIwJTIwJTNDb3B0aW9uJTIwdmFsdWUlM0QlMjJodHRwcyUzQSUyRiUyRmN1aWRhcmVici5jb20uYnIlMkZicmFzaWxpYSUyRiUyMiUzRURpc3RyaXRvJTIwRmVkZXJhbCUzQyUyRm9wdGlvbiUzRSUwQSUyMCUyMCUyMCUyMCUzQ29wdGlvbiUyMHZhbHVlJTNEJTIyaHR0cHMlM0ElMkYlMkZjdWlkYXJlYnIuY29tLmJyJTJGZXNwaXJpdG8tc2FudG8lMkYlMjIlM0VFc3AlQzMlQURyaXRvJTIwU2FudG8lM0MlMkZvcHRpb24lM0UlMEElMjAlMjAlMjAlMjAlM0NvcHRpb24lMjB2YWx1ZSUzRCUyMmh0dHBzJTNBJTJGJTJGY3VpZGFyZWJyLmNvbS5iciUyRmdvaWFzJTJGJTIyJTNFR29pJUMzJUExcyUzQyUyRm9wdGlvbiUzRSUwQSUyMCUyMCUyMCUyMCUzQ29wdGlvbiUyMHZhbHVlJTNEJTIyaHR0cHMlM0ElMkYlMkZjdWlkYXJlYnIuY29tLmJyJTJGbWFyYW5oYW8lMkYlMjIlM0VNYXJhbmglQzMlQTNvJTNDJTJGb3B0aW9uJTNFJTBBJTIwJTIwJTIwJTIwJTNDb3B0aW9uJTIwdmFsdWUlM0QlMjJodHRwcyUzQSUyRiUyRmN1aWRhcmVici5jb20uYnIlMkZtYXRvLWdyb3NzbyUyRiUyMiUzRU1hdG8lMjBHcm9zc28lM0MlMkZvcHRpb24lM0UlMEElM0NvcHRpb24lMjB2YWx1ZSUzRCUyMmh0dHBzJTNBJTJGJTJGY3VpZGFyZWJyLmNvbS5iciUyRm1hdG8tZ3Jvc3NvLWRvLXN1bCUyRiUyMiUzRU1hdG8lMjBHcm9zc28lMjBkbyUyMFN1bCUzQyUyRm9wdGlvbiUzRSUwQSUyMCUyMCUyMCUyMCUzQ29wdGlvbiUyMHZhbHVlJTNEJTIyaHR0cHMlM0ElMkYlMkZjdWlkYXJlYnIuY29tLmJyJTJGbWluYXMtZ2VyYWlzJTJGJTIyJTNFTWluYXMlMjBHZXJhaXMlM0MlMkZvcHRpb24lM0UlMEElMjAlMjAlMjAlMjAlM0NvcHRpb24lMjB2YWx1ZSUzRCUyMmh0dHBzJTNBJTJGJTJGY3VpZGFyZWJyLmNvbS5iciUyRnBhcmElMkYlMjIlM0VQYXIlQzMlQTElM0MlMkZvcHRpb24lM0UlMEElMjAlMjAlMjAlMjAlM0NvcHRpb24lMjB2YWx1ZSUzRCUyMmh0dHBzJTNBJTJGJTJGY3VpZGFyZWJyLmNvbS5iciUyRnBhcmFpYmElMkYlMjIlM0VQYXJhJUMzJUFEYmElM0MlMkZvcHRpb24lM0UlMEElMjAlMjAlMjAlMjAlM0NvcHRpb24lMjB2YWx1ZSUzRCUyMmh0dHBzJTNBJTJGJTJGY3VpZGFyZWJyLmNvbS5iciUyRnBhcmFuYSUyRiUyMiUzRVBhcmFuJUMzJUExJTNDJTJGb3B0aW9uJTNFJTBBJTIwJTIwJTIwJTIwJTNDb3B0aW9uJTIwdmFsdWUlM0QlMjJodHRwcyUzQSUyRiUyRmN1aWRhcmVici5jb20uYnIlMkZwZXJuYW1idWNvJTJGJTIyJTNFUGVybmFtYnVjbyUzQyUyRm9wdGlvbiUzRSUwQSUyMCUyMCUyMCUyMCUzQ29wdGlvbiUyMHZhbHVlJTNEJTIyaHR0cHMlM0ElMkYlMkZjdWlkYXJlYnIuY29tLmJyJTJGcmlvLWRlLWphbmVpcm8lMkYlMjIlM0VSaW8lMjBkZSUyMEphbmVpcm8lM0MlMkZvcHRpb24lM0UlMEElMjAlMjAlMjAlMjAlM0NvcHRpb24lMjB2YWx1ZSUzRCUyMmh0dHBzJTNBJTJGJTJGY3VpZGFyZWJyLmNvbS5iciUyRnJpby1ncmFuZGUtZG8tbm9ydGUlMkYlMjIlM0VSaW8lMjBHcmFuZGUlMjBkbyUyME5vcnRlJTNDJTJGb3B0aW9uJTNFJTBBJTIwJTIwJTIwJTIwJTNDb3B0aW9uJTIwdmFsdWUlM0QlMjJodHRwcyUzQSUyRiUyRmN1aWRhcmVici5jb20uYnIlMkZyaW8tZ3JhbmRlLWRvLXN1bCUyRiUyMiUzRVJpbyUyMEdyYW5kZSUyMGRvJTIwU3VsJTNDJTJGb3B0aW9uJTNFJTBBJTIwJTIwJTIwJTIwJTNDb3B0aW9uJTIwdmFsdWUlM0QlMjJodHRwcyUzQSUyRiUyRmN1aWRhcmVici5jb20uYnIlMkZzYW50YS1jYXRhcmluYSUyRiUyMiUzRVNhbnRhJTIwQ2F0YXJpbmElM0MlMkZvcHRpb24lM0UlMEElM0NvcHRpb24lMjB2YWx1ZSUzRCUyMmh0dHBzJTNBJTJGJTJGY3VpZGFyZWJyLmNvbS5iciUyRnNhby1wYXVsby1jYXBpdGFsJTJGJTIyJTNFUyVDMyVBM28lMjBQYXVsbyUyMENhcGl0YWwlM0MlMkZvcHRpb24lM0UlMEElMjAlMjAlMjAlMjAlM0NvcHRpb24lMjB2YWx1ZSUzRCUyMmh0dHBzJTNBJTJGJTJGY3VpZGFyZWJyLmNvbS5iciUyRnNhby1wYXVsbyUyRiUyMiUzRVMlQzMlQTNvJTIwUGF1bG8lM0MlMkZvcHRpb24lM0UlMEElMjAlMjAlMjAlMjAlM0NvcHRpb24lMjB2YWx1ZSUzRCUyMmh0dHBzJTNBJTJGJTJGY3VpZGFyZWJyLmNvbS5iciUyRnRvY2FudGlucyUyRiUyMiUzRVRvY2FudGlucyUzQyUyRm9wdGlvbiUzRSUwQSUyMCUyMCUzQyUyRnNlbGVjdCUzRSUwQSUzQyUyRmRpdiUzRQ==[\/vc_raw_html][\/vc_column][\/vc_row][vc_row section_type=&#8221;fullwidth&#8221; padding_top_multiplier=&#8221;4x&#8221; padding_bottom_multiplier=&#8221;4x&#8221; columns_gap=&#8221;10&#8243; tablet_visibility=&#8221;hide&#8221; tablet_sm_visibility=&#8221;hide&#8221; mobile_visibility=&#8221;hide&#8221;][vc_column column_effect=&#8221;vertical-parallax&#8221; column_effect_limit=&#8221;none&#8221; width=&#8221;1\/5&#8243;]<div class=\"grve-element grve-image grve-hover-item grve-hover-style-1 grve-full-image\" style=\"\">  <div class=\"grve-image-wrapper\"><figure class=\"grve-image-hover grve-media grve-zoom-in\"><a href=\"https:\/\/cuidarebr.com.br\/cuidadores-de-recem-nascidos-e-puerpera\/\" title=\"Cuidadores de Rec\u00e9m Nascidos e Puerpera\" class=\"grve-item-url\"><\/a><div class=\"grve-bg-dark grve-hover-overlay  grve-opacity-60\"><\/div><img loading=\"lazy\" decoding=\"async\" width=\"560\" height=\"747\" src=\"https:\/\/cuidarebr.com.br\/novosite\/wp-content\/uploads\/2026\/01\/cuidadores-recemepuerperas-560x747.png\" class=\"\" alt=\"\" \/><figcaption><\/figcaption><\/figure>   <\/div><\/div>[\/vc_column][vc_column width=&#8221;1\/5&#8243;]<div class=\"grve-element grve-image grve-hover-item grve-hover-style-1 grve-full-image\" style=\"\">  <div class=\"grve-image-wrapper\"><figure class=\"grve-image-hover grve-media grve-zoom-in\"><a href=\"https:\/\/cuidarebr.com.br\/cuidador-de-pessoas-com-deficiencia-2\/\" title=\"Cuidador de Pessoas com Defici\u00eancia\" class=\"grve-item-url\"><\/a><div class=\"grve-bg-dark grve-hover-overlay  grve-opacity-60\"><\/div><img loading=\"lazy\" decoding=\"async\" width=\"560\" height=\"747\" src=\"https:\/\/cuidarebr.com.br\/novosite\/wp-content\/uploads\/2025\/12\/cuidadores-deficiencia-560x747.png\" class=\"\" alt=\"\" \/><figcaption><\/figcaption><\/figure>   <\/div><\/div>[\/vc_column][vc_column column_effect=&#8221;vertical-parallax&#8221; column_effect_limit=&#8221;none&#8221; width=&#8221;1\/5&#8243;]<div class=\"grve-element grve-image grve-hover-item grve-hover-style-1 grve-full-image\" style=\"\">  <div class=\"grve-image-wrapper\"><figure class=\"grve-image-hover grve-media grve-zoom-in\"><a href=\"https:\/\/cuidarebr.com.br\/cuidadores-de-criancas\/\" title=\"Cuidadores de Crian\u00e7as\" class=\"grve-item-url\"><\/a><div class=\"grve-bg-dark grve-hover-overlay  grve-opacity-60\"><\/div><img loading=\"lazy\" decoding=\"async\" width=\"560\" height=\"747\" src=\"https:\/\/cuidarebr.com.br\/novosite\/wp-content\/uploads\/2025\/12\/criancas-560x747.png\" class=\"\" alt=\"\" \/><figcaption><\/figcaption><\/figure>   <\/div><\/div>[\/vc_column][vc_column width=&#8221;1\/5&#8243;]<div class=\"grve-element grve-image grve-hover-item grve-hover-style-1 grve-full-image\" style=\"\">  <div class=\"grve-image-wrapper\"><figure class=\"grve-image-hover grve-media grve-zoom-in\"><a href=\"https:\/\/cuidarebr.com.br\/cuidadores-de-idosos\/\" title=\"Cuidadores de Idosos\" class=\"grve-item-url\"><\/a><div class=\"grve-bg-dark grve-hover-overlay  grve-opacity-60\"><\/div><img loading=\"lazy\" decoding=\"async\" width=\"560\" height=\"747\" src=\"https:\/\/cuidarebr.com.br\/novosite\/wp-content\/uploads\/2025\/12\/idosos-560x747.png\" class=\"\" alt=\"\" \/><figcaption><\/figcaption><\/figure>   <\/div><\/div>[\/vc_column][vc_column column_effect=&#8221;vertical-parallax&#8221; column_effect_limit=&#8221;none&#8221; width=&#8221;1\/5&#8243;]<div class=\"grve-element grve-image grve-hover-item grve-hover-style-1 grve-full-image\" style=\"\">  <div class=\"grve-image-wrapper\"><figure class=\"grve-image-hover grve-media grve-zoom-in\"><a href=\"https:\/\/cuidarebr.com.br\/pos-operatorio\/\" title=\"Cuidador de p\u00f3s-operat\u00f3rio\" class=\"grve-item-url\"><\/a><div class=\"grve-bg-dark grve-hover-overlay  grve-opacity-60\"><\/div><img loading=\"lazy\" decoding=\"async\" width=\"560\" height=\"747\" src=\"https:\/\/cuidarebr.com.br\/novosite\/wp-content\/uploads\/2025\/12\/cuidadores-de-pcd-560x747.png\" class=\"\" alt=\"\" \/><figcaption><\/figcaption><\/figure>   <\/div><\/div>[\/vc_column][\/vc_row][vc_row section_type=&#8221;fullwidth&#8221; padding_top_multiplier=&#8221;6x&#8221; padding_bottom_multiplier=&#8221;6x&#8221; columns_gap=&#8221;10&#8243; desktop_visibility=&#8221;hide&#8221;][vc_column column_effect=&#8221;vertical-parallax&#8221; column_effect_limit=&#8221;none&#8221;]<div class=\"grve-element grve-image grve-hover-item grve-hover-style-1 grve-full-image\" style=\"\">  <div class=\"grve-image-wrapper\"><figure class=\"grve-image-hover grve-media grve-zoom-in\"><a href=\"https:\/\/cuidarebr.com.br\/cuidadores-de-recem-nascidos-e-puerpera\/\" title=\"Cuidadores de Rec\u00e9m Nascidos e Puerpera\" target=\"_blank\" rel=\"noopener noreferrer\" class=\"grve-item-url\"><\/a><div class=\"grve-bg-dark grve-hover-overlay  grve-opacity-60\"><\/div><img loading=\"lazy\" decoding=\"async\" width=\"560\" height=\"747\" src=\"https:\/\/cuidarebr.com.br\/novosite\/wp-content\/uploads\/2026\/01\/cuidadores-recemepuerperas-560x747.png\" class=\"\" alt=\"\" \/><figcaption><\/figcaption><\/figure>   <\/div><\/div><div class=\"grve-empty-space\" style=\"height: 10px;\"><\/div><div class=\"grve-element grve-image grve-hover-item grve-hover-style-1 grve-full-image\" style=\"\">  <div class=\"grve-image-wrapper\"><figure class=\"grve-image-hover grve-media grve-zoom-in\"><a href=\"https:\/\/cuidarebr.com.br\/cuidador-de-pessoas-com-deficiencia-2\/\" title=\"Cuidador de Pessoas com Defici\u00eancia\" class=\"grve-item-url\"><\/a><div class=\"grve-bg-dark grve-hover-overlay  grve-opacity-60\"><\/div><img loading=\"lazy\" decoding=\"async\" width=\"560\" height=\"747\" src=\"https:\/\/cuidarebr.com.br\/novosite\/wp-content\/uploads\/2025\/12\/cuidadores-deficiencia-560x747.png\" class=\"\" alt=\"\" \/><figcaption><\/figcaption><\/figure>   <\/div><\/div><div class=\"grve-empty-space\" style=\"height: 10px;\"><\/div><div class=\"grve-element grve-image grve-hover-item grve-hover-style-1 grve-full-image\" style=\"\">  <div class=\"grve-image-wrapper\"><figure class=\"grve-image-hover grve-media grve-zoom-in\"><a href=\"https:\/\/cuidarebr.com.br\/novosite\/cuidadores-de-criancas\/\" title=\"Cuidadores de Crian\u00e7as\" class=\"grve-item-url\"><\/a><div class=\"grve-bg-dark grve-hover-overlay  grve-opacity-60\"><\/div><img loading=\"lazy\" decoding=\"async\" width=\"560\" height=\"747\" src=\"https:\/\/cuidarebr.com.br\/novosite\/wp-content\/uploads\/2025\/12\/criancas-560x747.png\" class=\"\" alt=\"\" \/><figcaption><\/figcaption><\/figure>   <\/div><\/div><div class=\"grve-empty-space\" style=\"height: 10px;\"><\/div><div class=\"grve-element grve-image grve-hover-item grve-hover-style-1 grve-full-image\" style=\"\">  <div class=\"grve-image-wrapper\"><figure class=\"grve-image-hover grve-media grve-zoom-in\"><a href=\"https:\/\/cuidarebr.com.br\/cuidadores-de-idosos\/\" title=\"Cuidadores de Idosos\" class=\"grve-item-url\"><\/a><div class=\"grve-bg-dark grve-hover-overlay  grve-opacity-60\"><\/div><img loading=\"lazy\" decoding=\"async\" width=\"560\" height=\"747\" src=\"https:\/\/cuidarebr.com.br\/novosite\/wp-content\/uploads\/2025\/12\/idosos-560x747.png\" class=\"\" alt=\"\" \/><figcaption><\/figcaption><\/figure>   <\/div><\/div><div class=\"grve-empty-space\" style=\"height: 10px;\"><\/div><div class=\"grve-element grve-image grve-hover-item grve-hover-style-1 grve-full-image\" style=\"\">  <div class=\"grve-image-wrapper\"><figure class=\"grve-image-hover grve-media grve-zoom-in\"><a href=\"https:\/\/cuidarebr.com.br\/pos-operatorio\/\" title=\"Cuidador de p\u00f3s-operat\u00f3rio\" class=\"grve-item-url\"><\/a><div class=\"grve-bg-dark grve-hover-overlay  grve-opacity-60\"><\/div><img loading=\"lazy\" decoding=\"async\" width=\"560\" height=\"747\" src=\"https:\/\/cuidarebr.com.br\/novosite\/wp-content\/uploads\/2025\/12\/cuidadores-de-pcd-560x747.png\" class=\"\" alt=\"\" \/><figcaption><\/figcaption><\/figure>   <\/div><\/div><div class=\"grve-empty-space\" style=\"height: 10px;\"><\/div>[\/vc_column][\/vc_row][vc_row padding_top_multiplier=&#8221;3x&#8221; padding_bottom_multiplier=&#8221;2x&#8221; equal_column_height=&#8221;middle-content&#8221; tablet_visibility=&#8221;hide&#8221; tablet_sm_visibility=&#8221;hide&#8221; mobile_visibility=&#8221;hide&#8221; mobile_equal_column_height=&#8221;false&#8221; separator_top=&#8221;curve-right-separator&#8221; separator_top_color=&#8221;#0496f7&#8243; separator_bottom_size=&#8221;100%&#8221; separator_bottom_color=&#8221;#0496f7&#8243; section_id=&#8221;brasil&#8221;][vc_column]<h1 class=\"grve-element grve-title grve-align-left grve-h1 grve-increase-heading grve-heading-160\" style=\"\"><span><span style=\"color: #ffffff;\">Excel\u00eancia Comprovada<\/span><\/span><\/h1><h3 class=\"grve-element grve-title grve-align-left grve-h2\" style=\"\"><span><span style=\"color: #ffffff;\">Uma das franquias de cuidadores <\/span><br \/>\n<span style=\"color: #ffffff;\">mais premiada do Brasil.<\/span><\/span><\/h3>[vc_row_inner][vc_column_inner width=&#8221;1\/2&#8243;]<div class=\"grve-empty-space grve-height-2x\" style=\"\"><\/div><div class=\"grve-element grve-image grve-clipping-up grve-clipping-animation grve-align-center grve-full-image grve-image-space-100\" style=\"\" data-delay=\"800\">  <div class=\"grve-image-wrapper\"><img loading=\"lazy\" decoding=\"async\" width=\"300\" height=\"187\" src=\"https:\/\/cuidarebr.com.br\/novosite\/wp-content\/uploads\/2025\/12\/selos-300x187.png\" class=\"attachment-medium size-medium\" alt=\"\" srcset=\"https:\/\/cuidarebr.com.br\/novosite\/wp-content\/uploads\/2025\/12\/selos-300x187.png 300w, https:\/\/cuidarebr.com.br\/novosite\/wp-content\/uploads\/2025\/12\/selos-1024x638.png 1024w, https:\/\/cuidarebr.com.br\/novosite\/wp-content\/uploads\/2025\/12\/selos-768x479.png 768w, https:\/\/cuidarebr.com.br\/novosite\/wp-content\/uploads\/2025\/12\/selos.png 1526w\" sizes=\"auto, (max-width: 300px) 100vw, 300px\" \/>   <\/div><\/div><div class=\"grve-empty-space grve-height-2x\" style=\"\"><\/div>[\/vc_column_inner][vc_column_inner width=&#8221;1\/2&#8243;]<div class=\"grve-empty-space grve-height-2x\" style=\"\"><\/div><div class=\"grve-element grve-image grve-clipping-down grve-clipping-animation grve-align-center grve-full-image grve-image-space-100\" style=\"\" data-delay=\"800\">  <div class=\"grve-image-wrapper\"><img loading=\"lazy\" decoding=\"async\" width=\"300\" height=\"151\" src=\"https:\/\/cuidarebr.com.br\/novosite\/wp-content\/uploads\/2025\/12\/seloss-300x151.png\" class=\"attachment-medium size-medium\" alt=\"\" srcset=\"https:\/\/cuidarebr.com.br\/novosite\/wp-content\/uploads\/2025\/12\/seloss-300x151.png 300w, https:\/\/cuidarebr.com.br\/novosite\/wp-content\/uploads\/2025\/12\/seloss-1024x515.png 1024w, https:\/\/cuidarebr.com.br\/novosite\/wp-content\/uploads\/2025\/12\/seloss-768x387.png 768w, https:\/\/cuidarebr.com.br\/novosite\/wp-content\/uploads\/2025\/12\/seloss-1536x773.png 1536w, https:\/\/cuidarebr.com.br\/novosite\/wp-content\/uploads\/2025\/12\/seloss.png 1772w\" sizes=\"auto, (max-width: 300px) 100vw, 300px\" \/>   <\/div><\/div><div class=\"grve-empty-space grve-height-2x\" style=\"\"><\/div>[\/vc_column_inner][\/vc_row_inner][\/vc_column][\/vc_row]<\/p>\n","protected":false},"excerpt":{"rendered":"<p>[vc_row][vc_column width=&#8221;1\/4&#8243;][\/vc_column][vc_column width=&#8221;1\/2&#8243;][vc_column_text text_style=&#8221;leader-text&#8221;]Estamos presentes em diversas regi\u00f5es do Brasil, prontos para oferecer cuidado humanizado, seguran\u00e7a e conforto para quem voc\u00ea ama.[\/vc_column_text][\/vc_column][vc_column width=&#8221;1\/4&#8243;][\/vc_column][\/vc_row][vc_row][vc_column][vc_raw_html]JTNDZGl2JTIwY2xhc3MlM0QlMjJzZWxlY3QtZXN0YWRvJTIyJTIwc3R5bGUlM0QlMjJ0ZXh0LWFsaWduJTNBY2VudGVyJTNCJTIwbWFyZ2luJTNBMzBweCUyMDAlM0IlMjIlM0UlMEElMjAlMjAlM0NsYWJlbCUyMGZvciUzRCUyMmVzdGFkbyUyMiUyMHN0eWxlJTNEJTIyZGlzcGxheSUzQWJsb2NrJTNCJTIwZm9udC13ZWlnaHQlM0E2MDAlM0IlMjBtYXJnaW4tYm90dG9tJTNBMTBweCUzQiUyMiUzRSUwQSUyMCUyMCUyMCUyMEVzY29saGElMjBvJTIwc2V1JTIwZXN0YWRvJTNBJTBBJTIwJTIwJTNDJTJGbGFiZWwlM0UlMEElMjAlMjAlMEElMjAlMjAlM0NzZWxlY3QlMjBpZCUzRCUyMmVzdGFkbyUyMiUyMG9uY2hhbmdlJTNEJTIyaWYlMjh0aGlzLnZhbHVlJTI5JTIwd2luZG93LmxvY2F0aW9uLmhyZWYlM0R0aGlzLnZhbHVlJTNCJTIyJTIwc3R5bGUlM0QlMjJwYWRkaW5nJTNBMTBweCUyMDE1cHglM0IlMjBib3JkZXItcmFkaXVzJTNBNnB4JTNCJTIwZm9udC1zaXplJTNBMTZweCUzQiUyMiUzRSUwQSUyMCUyMCUyMCUyMCUzQ29wdGlvbiUyMHZhbHVlJTNEJTIyJTIyJTNFU2VsZWNpb25lLi4uJTNDJTJGb3B0aW9uJTNFJTBBJTIwJTIwJTIwJTIwJTNDb3B0aW9uJTIwdmFsdWUlM0QlMjJodHRwcyUzQSUyRiUyRmN1aWRhcmVici5jb20uYnIlMkZhbGFnb2FzJTJGJTIyJTNFQWxhZ29hcyUzQyUyRm9wdGlvbiUzRSUwQSUyMCUyMCUyMCUyMCUzQ29wdGlvbiUyMHZhbHVlJTNEJTIyaHR0cHMlM0ElMkYlMkZjdWlkYXJlYnIuY29tLmJyJTJGYW1hem9uYXMlMkYlMjIlM0VBbWF6b25hcyUzQyUyRm9wdGlvbiUzRSUwQSUyMCUyMCUyMCUyMCUzQ29wdGlvbiUyMHZhbHVlJTNEJTIyaHR0cHMlM0ElMkYlMkZjdWlkYXJlYnIuY29tLmJyJTJGYmFoaWElMkYlMjIlM0VCYWhpYSUzQyUyRm9wdGlvbiUzRSUwQSUyMCUyMCUyMCUyMCUzQ29wdGlvbiUyMHZhbHVlJTNEJTIyaHR0cHMlM0ElMkYlMkZjdWlkYXJlYnIuY29tLmJyJTJGY2VhcmElMkYlMjIlM0VDZWFyJUMzJUExJTNDJTJGb3B0aW9uJTNFJTBBJTIwJTIwJTIwJTIwJTNDb3B0aW9uJTIwdmFsdWUlM0QlMjJodHRwcyUzQSUyRiUyRmN1aWRhcmVici5jb20uYnIlMkZicmFzaWxpYSUyRiUyMiUzRURpc3RyaXRvJTIwRmVkZXJhbCUzQyUyRm9wdGlvbiUzRSUwQSUyMCUyMCUyMCUyMCUzQ29wdGlvbiUyMHZhbHVlJTNEJTIyaHR0cHMlM0ElMkYlMkZjdWlkYXJlYnIuY29tLmJyJTJGZXNwaXJpdG8tc2FudG8lMkYlMjIlM0VFc3AlQzMlQURyaXRvJTIwU2FudG8lM0MlMkZvcHRpb24lM0UlMEElMjAlMjAlMjAlMjAlM0NvcHRpb24lMjB2YWx1ZSUzRCUyMmh0dHBzJTNBJTJGJTJGY3VpZGFyZWJyLmNvbS5iciUyRmdvaWFzJTJGJTIyJTNFR29pJUMzJUExcyUzQyUyRm9wdGlvbiUzRSUwQSUyMCUyMCUyMCUyMCUzQ29wdGlvbiUyMHZhbHVlJTNEJTIyaHR0cHMlM0ElMkYlMkZjdWlkYXJlYnIuY29tLmJyJTJGbWFyYW5oYW8lMkYlMjIlM0VNYXJhbmglQzMlQTNvJTNDJTJGb3B0aW9uJTNFJTBBJTIwJTIwJTIwJTIwJTNDb3B0aW9uJTIwdmFsdWUlM0QlMjJodHRwcyUzQSUyRiUyRmN1aWRhcmVici5jb20uYnIlMkZtYXRvLWdyb3NzbyUyRiUyMiUzRU1hdG8lMjBHcm9zc28lM0MlMkZvcHRpb24lM0UlMEElM0NvcHRpb24lMjB2YWx1ZSUzRCUyMmh0dHBzJTNBJTJGJTJGY3VpZGFyZWJyLmNvbS5iciUyRm1hdG8tZ3Jvc3NvLWRvLXN1bCUyRiUyMiUzRU1hdG8lMjBHcm9zc28lMjBkbyUyMFN1bCUzQyUyRm9wdGlvbiUzRSUwQSUyMCUyMCUyMCUyMCUzQ29wdGlvbiUyMHZhbHVlJTNEJTIyaHR0cHMlM0ElMkYlMkZjdWlkYXJlYnIuY29tLmJyJTJGbWluYXMtZ2VyYWlzJTJGJTIyJTNFTWluYXMlMjBHZXJhaXMlM0MlMkZvcHRpb24lM0UlMEElMjAlMjAlMjAlMjAlM0NvcHRpb24lMjB2YWx1ZSUzRCUyMmh0dHBzJTNBJTJGJTJGY3VpZGFyZWJyLmNvbS5iciUyRnBhcmElMkYlMjIlM0VQYXIlQzMlQTElM0MlMkZvcHRpb24lM0UlMEElMjAlMjAlMjAlMjAlM0NvcHRpb24lMjB2YWx1ZSUzRCUyMmh0dHBzJTNBJTJGJTJGY3VpZGFyZWJyLmNvbS5iciUyRnBhcmFpYmElMkYlMjIlM0VQYXJhJUMzJUFEYmElM0MlMkZvcHRpb24lM0UlMEElMjAlMjAlMjAlMjAlM0NvcHRpb24lMjB2YWx1ZSUzRCUyMmh0dHBzJTNBJTJGJTJGY3VpZGFyZWJyLmNvbS5iciUyRnBhcmFuYSUyRiUyMiUzRVBhcmFuJUMzJUExJTNDJTJGb3B0aW9uJTNFJTBBJTIwJTIwJTIwJTIwJTNDb3B0aW9uJTIwdmFsdWUlM0QlMjJodHRwcyUzQSUyRiUyRmN1aWRhcmVici5jb20uYnIlMkZwZXJuYW1idWNvJTJGJTIyJTNFUGVybmFtYnVjbyUzQyUyRm9wdGlvbiUzRSUwQSUyMCUyMCUyMCUyMCUzQ29wdGlvbiUyMHZhbHVlJTNEJTIyaHR0cHMlM0ElMkYlMkZjdWlkYXJlYnIuY29tLmJyJTJGcmlvLWRlLWphbmVpcm8lMkYlMjIlM0VSaW8lMjBkZSUyMEphbmVpcm8lM0MlMkZvcHRpb24lM0UlMEElMjAlMjAlMjAlMjAlM0NvcHRpb24lMjB2YWx1ZSUzRCUyMmh0dHBzJTNBJTJGJTJGY3VpZGFyZWJyLmNvbS5iciUyRnJpby1ncmFuZGUtZG8tbm9ydGUlMkYlMjIlM0VSaW8lMjBHcmFuZGUlMjBkbyUyME5vcnRlJTNDJTJGb3B0aW9uJTNFJTBBJTIwJTIwJTIwJTIwJTNDb3B0aW9uJTIwdmFsdWUlM0QlMjJodHRwcyUzQSUyRiUyRmN1aWRhcmVici5jb20uYnIlMkZyaW8tZ3JhbmRlLWRvLXN1bCUyRiUyMiUzRVJpbyUyMEdyYW5kZSUyMGRvJTIwU3VsJTNDJTJGb3B0aW9uJTNFJTBBJTIwJTIwJTIwJTIwJTNDb3B0aW9uJTIwdmFsdWUlM0QlMjJodHRwcyUzQSUyRiUyRmN1aWRhcmVici5jb20uYnIlMkZzYW50YS1jYXRhcmluYSUyRiUyMiUzRVNhbnRhJTIwQ2F0YXJpbmElM0MlMkZvcHRpb24lM0UlMEElM0NvcHRpb24lMjB2YWx1ZSUzRCUyMmh0dHBzJTNBJTJGJTJGY3VpZGFyZWJyLmNvbS5iciUyRnNhby1wYXVsby1jYXBpdGFsJTJGJTIyJTNFUyVDMyVBM28lMjBQYXVsbyUyMENhcGl0YWwlM0MlMkZvcHRpb24lM0UlMEElMjAlMjAlMjAlMjAlM0NvcHRpb24lMjB2YWx1ZSUzRCUyMmh0dHBzJTNBJTJGJTJGY3VpZGFyZWJyLmNvbS5iciUyRnNhby1wYXVsbyUyRiUyMiUzRVMlQzMlQTNvJTIwUGF1bG8lM0MlMkZvcHRpb24lM0UlMEElMjAlMjAlMjAlMjAlM0NvcHRpb24lMjB2YWx1ZSUzRCUyMmh0dHBzJTNBJTJGJTJGY3VpZGFyZWJyLmNvbS5iciUyRnRvY2FudGlucyUyRiUyMiUzRVRvY2FudGlucyUzQyUyRm9wdGlvbiUzRSUwQSUyMCUyMCUzQyUyRnNlbGVjdCUzRSUwQSUzQyUyRmRpdiUzRQ==[\/vc_raw_html][\/vc_column][\/vc_row][vc_row section_type=&#8221;fullwidth&#8221; padding_top_multiplier=&#8221;4x&#8221; padding_bottom_multiplier=&#8221;4x&#8221; columns_gap=&#8221;10&#8243; tablet_visibility=&#8221;hide&#8221; tablet_sm_visibility=&#8221;hide&#8221; mobile_visibility=&#8221;hide&#8221;][vc_column column_effect=&#8221;vertical-parallax&#8221; column_effect_limit=&#8221;none&#8221; width=&#8221;1\/5&#8243;][\/vc_column][vc_column width=&#8221;1\/5&#8243;][\/vc_column][vc_column column_effect=&#8221;vertical-parallax&#8221; column_effect_limit=&#8221;none&#8221; width=&#8221;1\/5&#8243;][\/vc_column][vc_column width=&#8221;1\/5&#8243;][\/vc_column][vc_column column_effect=&#8221;vertical-parallax&#8221; column_effect_limit=&#8221;none&#8221; width=&#8221;1\/5&#8243;][\/vc_column][\/vc_row][vc_row section_type=&#8221;fullwidth&#8221; padding_top_multiplier=&#8221;6x&#8221; padding_bottom_multiplier=&#8221;6x&#8221; columns_gap=&#8221;10&#8243; desktop_visibility=&#8221;hide&#8221;][vc_column column_effect=&#8221;vertical-parallax&#8221; column_effect_limit=&#8221;none&#8221;][\/vc_column][\/vc_row][vc_row padding_top_multiplier=&#8221;3x&#8221; padding_bottom_multiplier=&#8221;2x&#8221; equal_column_height=&#8221;middle-content&#8221; tablet_visibility=&#8221;hide&#8221; tablet_sm_visibility=&#8221;hide&#8221; mobile_visibility=&#8221;hide&#8221; mobile_equal_column_height=&#8221;false&#8221; [&hellip;]<\/p>\n","protected":false},"author":1,"featured_media":0,"parent":0,"menu_order":0,"comment_status":"closed","ping_status":"closed","template":"","meta":{"pagelayer_contact_templates":[],"_pagelayer_content":"","footnotes":""},"class_list":["post-16580","page","type-page","status-publish","hentry"],"_links":{"self":[{"href":"https:\/\/cuidarebr.com.br\/novosite\/wp-json\/wp\/v2\/pages\/16580","targetHints":{"allow":["GET"]}}],"collection":[{"href":"https:\/\/cuidarebr.com.br\/novosite\/wp-json\/wp\/v2\/pages"}],"about":[{"href":"https:\/\/cuidarebr.com.br\/novosite\/wp-json\/wp\/v2\/types\/page"}],"author":[{"embeddable":true,"href":"https:\/\/cuidarebr.com.br\/novosite\/wp-json\/wp\/v2\/users\/1"}],"replies":[{"embeddable":true,"href":"https:\/\/cuidarebr.com.br\/novosite\/wp-json\/wp\/v2\/comments?post=16580"}],"version-history":[{"count":9,"href":"https:\/\/cuidarebr.com.br\/novosite\/wp-json\/wp\/v2\/pages\/16580\/revisions"}],"predecessor-version":[{"id":17141,"href":"https:\/\/cuidarebr.com.br\/novosite\/wp-json\/wp\/v2\/pages\/16580\/revisions\/17141"}],"wp:attachment":[{"href":"https:\/\/cuidarebr.com.br\/novosite\/wp-json\/wp\/v2\/media?parent=16580"}],"curies":[{"name":"wp","href":"https:\/\/api.w.org\/{rel}","templated":true}]}}